{"id":5875,"date":"2025-02-16T14:31:29","date_gmt":"2025-02-16T14:31:29","guid":{"rendered":"https:\/\/nfccard.us\/?post_type=product&#038;p=5875"},"modified":"2025-02-19T07:09:16","modified_gmt":"2025-02-19T07:09:16","slug":"mifare-ultralight-c-contactless-keyfob","status":"publish","type":"product","link":"https:\/\/nfccard.us\/tr\/mifare-ultralight-c-contactless-keyfob\/","title":{"rendered":"MIFARE Ultralight C Contactless Keyfob"},"content":{"rendered":"<h1 style=\"text-align: center;\"><span style=\"color: #000080;\">MIFARE Ultralight C Contactless Keyfob<\/span><\/h1>\n<p>The\u00a0<strong>MIFARE Ultra Hafif C <a href=\"https:\/\/nfccard.us\/tr\/rfid-keyfobs\/\">Contactless Keyfob<\/a><\/strong>\u00a0is a cutting-edge solution designed for seamless access control and identification. Compact, durable, and highly customizable, these keyfobs are perfect for various applications, from public transportation to event ticketing. Their advanced technology ensures secure and efficient data management, making them an essential tool for businesses and organizations looking to enhance their operational efficiency.<\/p>\n<h2><\/h2>\n<p>&nbsp;<\/p>\n<h2 style=\"text-align: center;\"><span style=\"color: #000080;\">\u00dcr\u00fcn Anahatt\u0131<\/span><\/h2>\n<h2>1.\u00a0<strong>Key Features of MIFARE Ultralight C Keyfobs<\/strong><\/h2>\n<p>The MIFARE Ultralight C Contactless Keyfob boasts an impressive set of features, including a waterproof design and customizable sizes. Made from high-quality <strong>ABS malzemesi<\/strong>, these keyfobs can withstand harsh environmental conditions, making them ideal for outdoor use.<\/p>\n<p>&nbsp;<\/p>\n<p>&nbsp;<\/p>\n<h2>2.\u00a0<strong>Teknik \u00d6zellikler<\/strong><\/h2>\n<p>&nbsp;<\/p>\n<div class=\"table-with-header rounded-lg border border-solid border-grey-line2-normal w-fit max-w-full mb-2\">\n<table data-start=\"101\" data-end=\"4786\" data-immersive-translate-walked=\"e9f29223-6c20-48c8-b3c1-96dd16d51675\">\n<thead data-start=\"101\" data-end=\"287\" data-immersive-translate-walked=\"e9f29223-6c20-48c8-b3c1-96dd16d51675\">\n<tr data-start=\"101\" data-end=\"287\" data-immersive-translate-walked=\"e9f29223-6c20-48c8-b3c1-96dd16d51675\">\n<th style=\"text-align: left;\" data-start=\"101\" data-end=\"135\" data-immersive-translate-walked=\"e9f29223-6c20-48c8-b3c1-96dd16d51675\"><span style=\"color: #000080;\"><strong data-start=\"103\" data-end=\"114\" data-immersive-translate-walked=\"e9f29223-6c20-48c8-b3c1-96dd16d51675\">\u00d6zellik<\/strong><\/span><\/th>\n<th style=\"text-align: left;\" data-start=\"135\" data-end=\"287\" data-immersive-translate-walked=\"e9f29223-6c20-48c8-b3c1-96dd16d51675\"><span style=\"color: #000080;\"><strong data-start=\"137\" data-end=\"148\" data-immersive-translate-walked=\"e9f29223-6c20-48c8-b3c1-96dd16d51675\">Detaylar<\/strong><\/span><\/th>\n<\/tr>\n<\/thead>\n<tbody data-start=\"476\" data-end=\"4786\" data-immersive-translate-walked=\"e9f29223-6c20-48c8-b3c1-96dd16d51675\">\n<tr data-start=\"476\" data-end=\"664\" data-immersive-translate-walked=\"e9f29223-6c20-48c8-b3c1-96dd16d51675\">\n<td data-immersive-translate-walked=\"e9f29223-6c20-48c8-b3c1-96dd16d51675\"><strong data-start=\"478\" data-end=\"494\" data-immersive-translate-walked=\"e9f29223-6c20-48c8-b3c1-96dd16d51675\">\u00dcr\u00fcn Ad\u0131<\/strong><\/td>\n<td data-immersive-translate-walked=\"e9f29223-6c20-48c8-b3c1-96dd16d51675\">MIFARE Ultralight C Contactless Keyfob<\/td>\n<\/tr>\n<tr data-start=\"665\" data-end=\"852\" data-immersive-translate-walked=\"e9f29223-6c20-48c8-b3c1-96dd16d51675\">\n<td data-immersive-translate-walked=\"e9f29223-6c20-48c8-b3c1-96dd16d51675\"><strong data-start=\"667\" data-end=\"680\" data-immersive-translate-walked=\"e9f29223-6c20-48c8-b3c1-96dd16d51675\">\u00c7ip T\u00fcr\u00fc<\/strong><\/td>\n<td data-immersive-translate-walked=\"e9f29223-6c20-48c8-b3c1-96dd16d51675\">MIFARE Ultra Hafif C<\/td>\n<\/tr>\n<tr data-start=\"853\" data-end=\"1040\" data-immersive-translate-walked=\"e9f29223-6c20-48c8-b3c1-96dd16d51675\">\n<td data-immersive-translate-walked=\"e9f29223-6c20-48c8-b3c1-96dd16d51675\"><strong data-start=\"855\" data-end=\"867\" data-immersive-translate-walked=\"e9f29223-6c20-48c8-b3c1-96dd16d51675\">Malzeme<\/strong><\/td>\n<td data-immersive-translate-walked=\"e9f29223-6c20-48c8-b3c1-96dd16d51675\">ABS\/epoxy resin<\/td>\n<\/tr>\n<tr data-start=\"1041\" data-end=\"1228\" data-immersive-translate-walked=\"e9f29223-6c20-48c8-b3c1-96dd16d51675\">\n<td data-immersive-translate-walked=\"e9f29223-6c20-48c8-b3c1-96dd16d51675\"><strong data-start=\"1043\" data-end=\"1063\" data-immersive-translate-walked=\"e9f29223-6c20-48c8-b3c1-96dd16d51675\">Printing Methods<\/strong><\/td>\n<td data-immersive-translate-walked=\"e9f29223-6c20-48c8-b3c1-96dd16d51675\">Laser engraving, Silk-screen<\/td>\n<\/tr>\n<tr data-start=\"1229\" data-end=\"1415\" data-immersive-translate-walked=\"e9f29223-6c20-48c8-b3c1-96dd16d51675\">\n<td data-immersive-translate-walked=\"e9f29223-6c20-48c8-b3c1-96dd16d51675\"><strong data-start=\"1231\" data-end=\"1239\" data-immersive-translate-walked=\"e9f29223-6c20-48c8-b3c1-96dd16d51675\">Boyut<\/strong><\/td>\n<td data-immersive-translate-walked=\"e9f29223-6c20-48c8-b3c1-96dd16d51675\">\u00d6zelle\u015ftirilmi\u015f<\/td>\n<\/tr>\n<tr data-start=\"1416\" data-end=\"1602\" data-immersive-translate-walked=\"e9f29223-6c20-48c8-b3c1-96dd16d51675\">\n<td data-immersive-translate-walked=\"e9f29223-6c20-48c8-b3c1-96dd16d51675\"><strong data-start=\"1418\" data-end=\"1434\" data-immersive-translate-walked=\"e9f29223-6c20-48c8-b3c1-96dd16d51675\">Cascaded UID<\/strong><\/td>\n<td data-immersive-translate-walked=\"e9f29223-6c20-48c8-b3c1-96dd16d51675\">7-byte unique serial number, supports cascade level 2 (ISO\/IEC 14443-3)<\/td>\n<\/tr>\n<tr data-start=\"1603\" data-end=\"1790\" data-immersive-translate-walked=\"e9f29223-6c20-48c8-b3c1-96dd16d51675\">\n<td data-immersive-translate-walked=\"e9f29223-6c20-48c8-b3c1-96dd16d51675\"><strong data-start=\"1605\" data-end=\"1617\" data-immersive-translate-walked=\"e9f29223-6c20-48c8-b3c1-96dd16d51675\">G\u00fcvenlik<\/strong><\/td>\n<td data-immersive-translate-walked=\"e9f29223-6c20-48c8-b3c1-96dd16d51675\">3DES Authentication, Anti-cloning support, 32-bit OTP area, Programmable read-only locking function per page\/block, Read-only locking per block\/page<\/td>\n<\/tr>\n<tr data-start=\"1791\" data-end=\"1977\" data-immersive-translate-walked=\"e9f29223-6c20-48c8-b3c1-96dd16d51675\">\n<td data-immersive-translate-walked=\"e9f29223-6c20-48c8-b3c1-96dd16d51675\"><strong data-start=\"1793\" data-end=\"1809\" data-immersive-translate-walked=\"e9f29223-6c20-48c8-b3c1-96dd16d51675\">RF Aray\u00fcz\u00fc<\/strong><\/td>\n<td data-immersive-translate-walked=\"e9f29223-6c20-48c8-b3c1-96dd16d51675\">ISO\/IEC 14443 A (Contactless transmission, no battery)<\/td>\n<\/tr>\n<tr data-start=\"1978\" data-end=\"2164\" data-immersive-translate-walked=\"e9f29223-6c20-48c8-b3c1-96dd16d51675\">\n<td data-immersive-translate-walked=\"e9f29223-6c20-48c8-b3c1-96dd16d51675\"><strong data-start=\"1980\" data-end=\"2002\" data-immersive-translate-walked=\"e9f29223-6c20-48c8-b3c1-96dd16d51675\">\u00c7al\u0131\u015fma Mesafesi<\/strong><\/td>\n<td data-immersive-translate-walked=\"e9f29223-6c20-48c8-b3c1-96dd16d51675\">Up to 100 mm (depending on field strength and antenna geometry)<\/td>\n<\/tr>\n<tr data-start=\"2165\" data-end=\"2351\" data-immersive-translate-walked=\"e9f29223-6c20-48c8-b3c1-96dd16d51675\">\n<td data-immersive-translate-walked=\"e9f29223-6c20-48c8-b3c1-96dd16d51675\"><strong data-start=\"2167\" data-end=\"2190\" data-immersive-translate-walked=\"e9f29223-6c20-48c8-b3c1-96dd16d51675\">\u00c7al\u0131\u015fma Frekans\u0131<\/strong><\/td>\n<td data-immersive-translate-walked=\"e9f29223-6c20-48c8-b3c1-96dd16d51675\">13,56 MHz<\/td>\n<\/tr>\n<tr data-start=\"2352\" data-end=\"2538\" data-immersive-translate-walked=\"e9f29223-6c20-48c8-b3c1-96dd16d51675\">\n<td data-immersive-translate-walked=\"e9f29223-6c20-48c8-b3c1-96dd16d51675\"><strong data-start=\"2354\" data-end=\"2377\" data-immersive-translate-walked=\"e9f29223-6c20-48c8-b3c1-96dd16d51675\">Data Transfer Speed<\/strong><\/td>\n<td data-immersive-translate-walked=\"e9f29223-6c20-48c8-b3c1-96dd16d51675\">106 kbit\/s<\/td>\n<\/tr>\n<tr data-start=\"2539\" data-end=\"2725\" data-immersive-translate-walked=\"e9f29223-6c20-48c8-b3c1-96dd16d51675\">\n<td data-immersive-translate-walked=\"e9f29223-6c20-48c8-b3c1-96dd16d51675\"><strong data-start=\"2541\" data-end=\"2559\" data-immersive-translate-walked=\"e9f29223-6c20-48c8-b3c1-96dd16d51675\">Data Integrity<\/strong><\/td>\n<td data-immersive-translate-walked=\"e9f29223-6c20-48c8-b3c1-96dd16d51675\">16-bit CRC, parity, bit coding, and bit counting<\/td>\n<\/tr>\n<tr data-start=\"2726\" data-end=\"2913\" data-immersive-translate-walked=\"e9f29223-6c20-48c8-b3c1-96dd16d51675\">\n<td data-immersive-translate-walked=\"e9f29223-6c20-48c8-b3c1-96dd16d51675\"><strong data-start=\"2728\" data-end=\"2745\" data-immersive-translate-walked=\"e9f29223-6c20-48c8-b3c1-96dd16d51675\">Anticollision<\/strong><\/td>\n<td data-immersive-translate-walked=\"e9f29223-6c20-48c8-b3c1-96dd16d51675\">True anticollision with 7-byte serial number<\/td>\n<\/tr>\n<tr data-start=\"2914\" data-end=\"3100\" data-immersive-translate-walked=\"e9f29223-6c20-48c8-b3c1-96dd16d51675\">\n<td data-immersive-translate-walked=\"e9f29223-6c20-48c8-b3c1-96dd16d51675\"><strong data-start=\"2916\" data-end=\"2945\" data-immersive-translate-walked=\"e9f29223-6c20-48c8-b3c1-96dd16d51675\">Typical Transaction Speed<\/strong><\/td>\n<td data-immersive-translate-walked=\"e9f29223-6c20-48c8-b3c1-96dd16d51675\">&lt; 35 ms<\/td>\n<\/tr>\n<tr data-start=\"3101\" data-end=\"3287\" data-immersive-translate-walked=\"e9f29223-6c20-48c8-b3c1-96dd16d51675\">\n<td data-immersive-translate-walked=\"e9f29223-6c20-48c8-b3c1-96dd16d51675\"><strong data-start=\"3103\" data-end=\"3131\" data-immersive-translate-walked=\"e9f29223-6c20-48c8-b3c1-96dd16d51675\" data-immersive-translate-paragraph=\"1\">Fast Counter Transaction<\/strong><\/td>\n<td data-immersive-translate-walked=\"e9f29223-6c20-48c8-b3c1-96dd16d51675\" data-immersive-translate-paragraph=\"1\">&lt; 10 ms<\/td>\n<\/tr>\n<tr data-start=\"3288\" data-end=\"3476\" data-immersive-translate-walked=\"e9f29223-6c20-48c8-b3c1-96dd16d51675\">\n<td data-immersive-translate-walked=\"e9f29223-6c20-48c8-b3c1-96dd16d51675\"><strong data-start=\"3290\" data-end=\"3305\" data-immersive-translate-walked=\"e9f29223-6c20-48c8-b3c1-96dd16d51675\" data-immersive-translate-paragraph=\"1\">Bellek Boyutu<\/strong><\/td>\n<td data-immersive-translate-walked=\"e9f29223-6c20-48c8-b3c1-96dd16d51675\" data-immersive-translate-paragraph=\"1\">1536 bit toplam bellek<\/td>\n<\/tr>\n<tr data-start=\"3477\" data-end=\"3663\" data-immersive-translate-walked=\"e9f29223-6c20-48c8-b3c1-96dd16d51675\">\n<td data-immersive-translate-walked=\"e9f29223-6c20-48c8-b3c1-96dd16d51675\"><strong data-start=\"3479\" data-end=\"3494\" data-immersive-translate-walked=\"e9f29223-6c20-48c8-b3c1-96dd16d51675\" data-immersive-translate-paragraph=\"1\">Kullan\u0131c\u0131 Belle\u011fi<\/strong><\/td>\n<td data-immersive-translate-walked=\"e9f29223-6c20-48c8-b3c1-96dd16d51675\" data-immersive-translate-paragraph=\"1\">1184-bit user memory (36 pages user r\/w area)<\/td>\n<\/tr>\n<tr data-start=\"3664\" data-end=\"3850\" data-immersive-translate-walked=\"e9f29223-6c20-48c8-b3c1-96dd16d51675\">\n<td data-immersive-translate-walked=\"e9f29223-6c20-48c8-b3c1-96dd16d51675\"><strong data-start=\"3666\" data-end=\"3690\" data-immersive-translate-walked=\"e9f29223-6c20-48c8-b3c1-96dd16d51675\" data-immersive-translate-paragraph=\"1\">Memory Compatibility<\/strong><\/td>\n<td data-immersive-translate-walked=\"e9f29223-6c20-48c8-b3c1-96dd16d51675\" data-immersive-translate-paragraph=\"1\">Compatible with MF0ICU1 for first 512 bits<\/td>\n<\/tr>\n<tr data-start=\"3851\" data-end=\"4037\" data-immersive-translate-walked=\"e9f29223-6c20-48c8-b3c1-96dd16d51675\">\n<td data-immersive-translate-walked=\"e9f29223-6c20-48c8-b3c1-96dd16d51675\"><strong data-start=\"3853\" data-end=\"3883\" data-immersive-translate-walked=\"e9f29223-6c20-48c8-b3c1-96dd16d51675\" data-immersive-translate-paragraph=\"1\">Read-Only Locking Function<\/strong><\/td>\n<td data-immersive-translate-walked=\"e9f29223-6c20-48c8-b3c1-96dd16d51675\" data-immersive-translate-paragraph=\"1\">Field programmable per page\/block<\/td>\n<\/tr>\n<tr data-start=\"4038\" data-end=\"4223\" data-immersive-translate-walked=\"e9f29223-6c20-48c8-b3c1-96dd16d51675\">\n<td data-immersive-translate-walked=\"e9f29223-6c20-48c8-b3c1-96dd16d51675\"><strong data-start=\"4040\" data-end=\"4052\" data-immersive-translate-walked=\"e9f29223-6c20-48c8-b3c1-96dd16d51675\" data-immersive-translate-paragraph=\"1\">OTP Area<\/strong><\/td>\n<td data-immersive-translate-walked=\"e9f29223-6c20-48c8-b3c1-96dd16d51675\" data-immersive-translate-paragraph=\"1\">32 bit kullan\u0131c\u0131 tan\u0131ml\u0131 Tek Seferlik Programlanabilir (OTP) alan<\/td>\n<\/tr>\n<tr data-start=\"4224\" data-end=\"4412\" data-immersive-translate-walked=\"e9f29223-6c20-48c8-b3c1-96dd16d51675\">\n<td data-immersive-translate-walked=\"e9f29223-6c20-48c8-b3c1-96dd16d51675\"><strong data-start=\"4226\" data-end=\"4237\" data-immersive-translate-walked=\"e9f29223-6c20-48c8-b3c1-96dd16d51675\" data-immersive-translate-paragraph=\"1\">Counter<\/strong><\/td>\n<td data-immersive-translate-walked=\"e9f29223-6c20-48c8-b3c1-96dd16d51675\" data-immersive-translate-paragraph=\"1\">16-bit counter<\/td>\n<\/tr>\n<tr data-start=\"4413\" data-end=\"4599\" data-immersive-translate-walked=\"e9f29223-6c20-48c8-b3c1-96dd16d51675\">\n<td data-immersive-translate-walked=\"e9f29223-6c20-48c8-b3c1-96dd16d51675\"><strong data-start=\"4415\" data-end=\"4433\" data-immersive-translate-walked=\"e9f29223-6c20-48c8-b3c1-96dd16d51675\" data-immersive-translate-paragraph=\"1\">Veri Saklama<\/strong><\/td>\n<td data-immersive-translate-walked=\"e9f29223-6c20-48c8-b3c1-96dd16d51675\" data-immersive-translate-paragraph=\"1\">5 years<\/td>\n<\/tr>\n<tr data-start=\"4600\" data-end=\"4786\" data-immersive-translate-walked=\"e9f29223-6c20-48c8-b3c1-96dd16d51675\">\n<td data-immersive-translate-walked=\"e9f29223-6c20-48c8-b3c1-96dd16d51675\"><strong data-start=\"4602\" data-end=\"4621\" data-immersive-translate-walked=\"e9f29223-6c20-48c8-b3c1-96dd16d51675\" data-immersive-translate-paragraph=\"1\">Dayan\u0131kl\u0131l\u0131k Yaz<\/strong><\/td>\n<td data-immersive-translate-walked=\"e9f29223-6c20-48c8-b3c1-96dd16d51675\" data-immersive-translate-paragraph=\"1\">10,000 cycles<\/td>\n<\/tr>\n<\/tbody>\n<\/table>\n<\/div>\n<h3><\/h3>\n<h2>3.Applications of MIFARE Ultralight C <a href=\"https:\/\/nfccard.us\/tr\/rfid-keyfobs\/\">Keyfobs<\/a><\/h2>\n<ul>\n<li><strong>Eri\u015fim Kontrol\u00fc:<\/strong>\u00a0Ensures only authorized personnel enter secure government buildings.<\/li>\n<li><strong>Employee Identification:<\/strong>\u00a0Streamlines identification for staff, improving internal security.<\/li>\n<li><strong>Visitor Management:<\/strong>\u00a0Facilitates efficient check-ins and control of visitors in public offices.<\/li>\n<li><strong>Etkinlik Biletleme:<\/strong>\u00a0Simplifies access for citizens attending government events or services.<\/li>\n<li><strong>Durable Design:<\/strong>\u00a0Waterproof and weather-resistant, suitable for outdoor use in various conditions.<\/li>\n<li><strong>Operational Efficiency:<\/strong>\u00a0Enhances security protocols and provides a seamless experience for employees and the public.<\/li>\n<\/ul>\n<p>&nbsp;<\/p>\n<p>&nbsp;<\/p>\n<h2>4.\u00a0<strong>\u00c7evresel Etki<\/strong><\/h2>\n<p>The MIFARE Ultralight C Keyfobs are crafted with sustainability in mind. Their materials are environmentally friendly, ensuring minimal impact during production and disposal.<\/p>\n<h3><\/h3>\n<p>&nbsp;<\/p>\n<h2 style=\"text-align: center;\"><span style=\"color: #000080;\"><strong>SSS<\/strong><\/span><\/h2>\n<ul>\n<li><strong>Q: Can the keyfob be customized?<\/strong><br \/>\nA: Yes, we offer various customization options, including size and printing.<\/li>\n<li><strong>Q: Is it waterproof?<\/strong><br \/>\nA: Absolutely, the keyfob is designed to withstand water exposure.<\/li>\n<li>\n<p data-start=\"93\" data-end=\"312\"><strong data-start=\"93\" data-end=\"153\">Q: Is the keyfob waterproof and durable for outdoor use?<\/strong><br data-start=\"153\" data-end=\"156\" \/>A:Yes, the MIFARE Ultralight C Keyfob is waterproof and weather-resistant, designed to withstand outdoor conditions, making it ideal for various environments.<\/p>\n<\/li>\n<li>\n<p data-start=\"93\" data-end=\"312\"><strong data-start=\"314\" data-end=\"366\">Q: How secure is the MIFARE Ultralight C Keyfob?<\/strong><br data-start=\"366\" data-end=\"369\" \/>A:The keyfob features 3DES authentication, anti-cloning support, and a 32-bit OTP area. It also offers read-only locking for enhanced security, ensuring that your data is protected.<\/p>\n<\/li>\n<li>\n<p data-start=\"93\" data-end=\"312\"><strong data-start=\"550\" data-end=\"596\">Q: How long does the keyfob\u2019s memory last?<\/strong><br data-start=\"596\" data-end=\"599\" \/>A:The keyfob provides excellent longevity, with a 5-year data retention and up to 10,000 write cycles, ensuring reliable performance over time.<\/p>\n<\/li>\n<\/ul>\n<p>&nbsp;<\/p>\n<h3><\/h3>\n<h2 style=\"text-align: center;\"><span style=\"color: #000080;\"><strong>Why Choose MIFARE Ultralight C Keyfobs?<\/strong><\/span><\/h2>\n<p>Investing in MIFARE Ultralight C Keyfobs means investing in security and efficiency. With their advanced features and broad applications, they are a smart choice for any organization seeking to modernize its access control systems.<\/p>\n<h3><\/h3>\n<p>&nbsp;<\/p>\n<h2 style=\"text-align: center;\"><span style=\"color: #000080;\"><strong>Promotional Offers<\/strong><\/span><\/h2>\n<p>Contact us today to inquire about bulk orders and special pricing. Experience the quality and reliability of MIFARE Ultralight C <a href=\"https:\/\/nfccard.us\/tr\/rfid-keyfobs\/\">Contactless Keyfob<\/a> at competitive rates!<\/p>","protected":false},"excerpt":{"rendered":"<p>MIFARE Ultralight C Contactless Keyfob offer secure access control solutions. Durable and waterproof, they&#8217;re perfect for various applications, enhancing efficiency.<\/p>","protected":false},"featured_media":5882,"template":"","meta":{"_kad_post_transparent":"default","_kad_post_title":"","_kad_post_layout":"default","_kad_post_sidebar_id":"","_kad_post_content_style":"default","_kad_post_vertical_padding":"default","_kad_post_feature":"","_kad_post_feature_position":"","_kad_post_header":false,"_kad_post_footer":false},"product_brand":[],"product_cat":[846],"product_tag":[1086,343],"class_list":{"0":"post-5875","1":"product","2":"type-product","3":"status-publish","4":"has-post-thumbnail","6":"product_cat-rfid-keyfobs","7":"product_tag-mifare-ultralight-c-contactless-keyfob","8":"product_tag-rfid-keyfobs","10":"first","11":"instock","12":"shipping-taxable","13":"product-type-simple","14":"entry","15":"content-bg","16":"loop-entry"},"_links":{"self":[{"href":"https:\/\/nfccard.us\/tr\/wp-json\/wp\/v2\/product\/5875","targetHints":{"allow":["GET"]}}],"collection":[{"href":"https:\/\/nfccard.us\/tr\/wp-json\/wp\/v2\/product"}],"about":[{"href":"https:\/\/nfccard.us\/tr\/wp-json\/wp\/v2\/types\/product"}],"version-history":[{"count":3,"href":"https:\/\/nfccard.us\/tr\/wp-json\/wp\/v2\/product\/5875\/revisions"}],"predecessor-version":[{"id":5918,"href":"https:\/\/nfccard.us\/tr\/wp-json\/wp\/v2\/product\/5875\/revisions\/5918"}],"wp:featuredmedia":[{"embeddable":true,"href":"https:\/\/nfccard.us\/tr\/wp-json\/wp\/v2\/media\/5882"}],"wp:attachment":[{"href":"https:\/\/nfccard.us\/tr\/wp-json\/wp\/v2\/media?parent=5875"}],"wp:term":[{"taxonomy":"product_brand","embeddable":true,"href":"https:\/\/nfccard.us\/tr\/wp-json\/wp\/v2\/product_brand?post=5875"},{"taxonomy":"product_cat","embeddable":true,"href":"https:\/\/nfccard.us\/tr\/wp-json\/wp\/v2\/product_cat?post=5875"},{"taxonomy":"product_tag","embeddable":true,"href":"https:\/\/nfccard.us\/tr\/wp-json\/wp\/v2\/product_tag?post=5875"}],"curies":[{"name":"wp","href":"https:\/\/api.w.org\/{rel}","templated":true}]}}