{"id":5132,"date":"2025-01-26T09:38:24","date_gmt":"2025-01-26T09:38:24","guid":{"rendered":"https:\/\/nfccard.us\/?post_type=product&#038;p=5132"},"modified":"2025-03-25T16:31:02","modified_gmt":"2025-03-25T16:31:02","slug":"durable-pet-nxp-ucode-9-rfid-card","status":"publish","type":"product","link":"https:\/\/nfccard.us\/tr\/durable-pet-nxp-ucode-9-rfid-card\/","title":{"rendered":"Durable PET NXP UCODE 9 RFID Card"},"content":{"rendered":"<h1 style=\"text-align: center;\"><span style=\"color: #000080;\">Durable PET NXP UCODE 9 RFID Card<\/span><\/h1>\n<p data-line=\"2\">The Durable PET NXP UCODE 9<a href=\"https:\/\/nfccard.us\/tr\/rfid-cards\/\">\u00a0RFID Card<\/a> is a game &#8211; changer in the world of RFID technology, especially when it comes to warehouse optimization. This card offers a plethora of features and benefits that make it an ideal choice for various applications.<\/p>\n<h2 data-line=\"4\"><\/h2>\n<p>&nbsp;<\/p>\n<h3 data-line=\"18\"><\/h3>\n<h2 id=\"H2: Versatile Applications\" style=\"text-align: center;\" data-line=\"18\">\u00c7ok Y\u00f6nl\u00fc Uygulamalar<\/h2>\n<ul data-line=\"19\">\n<li data-line=\"19\">In the context of warehouse optimization, the NXP UCODE 9 <a href=\"https:\/\/nfccard.us\/tr\/rfid-cards\/\">RFID Card<\/a> can be used for inventory and supply chain management. It can also be applied in other areas such as consumer, smart parcel services, industrial, and healthcare. For instance, in a retail apparel warehouse, it can be used to track the movement of goods from the stockroom to the sales floor.<\/li>\n<li data-line=\"20\">Outside of the warehouse, it has diverse applications like bus tickets, metro tickets, parking, loyalty programs, gambling, road toll, and for identification of puppies, students or employees.<\/li>\n<\/ul>\n<p>&nbsp;<\/p>\n<h2 id=\"H2: Compatibility and Ease of Use\" style=\"text-align: center;\" data-line=\"22\">Compatibility and Ease of Use<\/h2>\n<ul data-line=\"23\">\n<li data-line=\"23\">All mandatory commands of the EPC global Gen2 v2.1 specification are implemented, including the kill command. This ensures compatibility with existing RFID systems in a warehouse.<\/li>\n<li data-line=\"24\">The self &#8211; adjust feature for automated tag performance optimization and the permalock feature make it easy to use and manage.<\/li>\n<\/ul>\n<h3 data-line=\"26\"><\/h3>\n<h2 id=\"H2: Durability and Long - Term Performance\" style=\"text-align: center;\" data-line=\"26\">Durability and Long &#8211; Term Performance<\/h2>\n<ul data-line=\"27\">\n<li data-line=\"27\">With a 100k write cycle endurance and 20 years data retention, this card is built to last. In a busy warehouse environment where cards may be used frequently, this durability is a great advantage.<\/li>\n<\/ul>\n<h2 data-line=\"29\"><\/h2>\n<h2 data-line=\"29\"><\/h2>\n<h2 id=\"Useful Information\" style=\"text-align: center;\" data-line=\"29\">Useful Information<\/h2>\n<h2 data-line=\"31\"><strong>Teknik \u00d6zellikler<\/strong><\/h2>\n<h3 data-start=\"145\" data-end=\"186\" data-immersive-translate-walked=\"53058544-8709-4e58-8655-fc593f38489a\"><\/h3>\n<table data-start=\"188\" data-end=\"1063\">\n<thead data-start=\"188\" data-end=\"285\">\n<tr data-start=\"188\" data-end=\"285\">\n<th style=\"text-align: left;\" data-start=\"188\" data-end=\"214\"><span style=\"color: #000080;\"><strong data-start=\"190\" data-end=\"206\">\u00dcr\u00fcn Ad\u0131<\/strong><\/span><\/th>\n<th style=\"text-align: left;\" data-start=\"214\" data-end=\"285\"><span style=\"color: #000080;\"><strong data-start=\"216\" data-end=\"253\">Durable PET NXP UCODE 9 RFID Card<\/strong><\/span><\/th>\n<\/tr>\n<\/thead>\n<tbody data-start=\"384\" data-end=\"1063\">\n<tr data-start=\"384\" data-end=\"479\">\n<td><strong data-start=\"386\" data-end=\"398\">Malzeme<\/strong><\/td>\n<td data-immersive-translate-walked=\"53058544-8709-4e58-8655-fc593f38489a\" data-immersive-translate-paragraph=\"1\">PVC, PET, ABS, PETG<\/td>\n<\/tr>\n<tr data-start=\"480\" data-end=\"576\">\n<td data-immersive-translate-walked=\"53058544-8709-4e58-8655-fc593f38489a\"><strong data-start=\"482\" data-end=\"490\" data-immersive-translate-walked=\"53058544-8709-4e58-8655-fc593f38489a\" data-immersive-translate-paragraph=\"1\">Boyut<\/strong><\/td>\n<td data-immersive-translate-walked=\"53058544-8709-4e58-8655-fc593f38489a\" data-immersive-translate-paragraph=\"1\">85.5mm x 54mm x 0.85mm (or customized)<\/td>\n<\/tr>\n<tr data-start=\"577\" data-end=\"673\">\n<td data-immersive-translate-walked=\"53058544-8709-4e58-8655-fc593f38489a\"><strong data-start=\"579\" data-end=\"592\" data-immersive-translate-walked=\"53058544-8709-4e58-8655-fc593f38489a\" data-immersive-translate-paragraph=\"1\">S\u0131kl\u0131k<\/strong><\/td>\n<td data-immersive-translate-walked=\"53058544-8709-4e58-8655-fc593f38489a\" data-immersive-translate-paragraph=\"1\">860-960 MHz<\/td>\n<\/tr>\n<tr data-start=\"674\" data-end=\"770\">\n<td data-immersive-translate-walked=\"53058544-8709-4e58-8655-fc593f38489a\"><strong data-start=\"676\" data-end=\"688\" data-immersive-translate-walked=\"53058544-8709-4e58-8655-fc593f38489a\" data-immersive-translate-paragraph=\"1\">Protokol<\/strong><\/td>\n<td data-immersive-translate-walked=\"53058544-8709-4e58-8655-fc593f38489a\" data-immersive-translate-paragraph=\"1\">EPC Gen2 v2.1, ISO\/IEC 18000-6C<\/td>\n<\/tr>\n<tr data-start=\"771\" data-end=\"869\">\n<td data-immersive-translate-walked=\"53058544-8709-4e58-8655-fc593f38489a\"><strong data-start=\"773\" data-end=\"798\" data-immersive-translate-walked=\"53058544-8709-4e58-8655-fc593f38489a\" data-immersive-translate-paragraph=\"1\">\u00c7al\u0131\u015fma S\u0131cakl\u0131\u011f\u0131<\/strong><\/td>\n<td data-immersive-translate-walked=\"53058544-8709-4e58-8655-fc593f38489a\" data-immersive-translate-paragraph=\"1\">-40\u00b0C ile +85\u00b0C aras\u0131<\/td>\n<\/tr>\n<tr data-start=\"870\" data-end=\"966\">\n<td data-immersive-translate-walked=\"53058544-8709-4e58-8655-fc593f38489a\"><strong data-start=\"872\" data-end=\"890\" data-immersive-translate-walked=\"53058544-8709-4e58-8655-fc593f38489a\" data-immersive-translate-paragraph=\"1\">Veri Saklama<\/strong><\/td>\n<td data-immersive-translate-walked=\"53058544-8709-4e58-8655-fc593f38489a\" data-immersive-translate-paragraph=\"1\">20 years<\/td>\n<\/tr>\n<tr data-start=\"967\" data-end=\"1063\">\n<td data-immersive-translate-walked=\"53058544-8709-4e58-8655-fc593f38489a\"><strong data-start=\"969\" data-end=\"985\" data-immersive-translate-walked=\"53058544-8709-4e58-8655-fc593f38489a\" data-immersive-translate-paragraph=\"1\">Yazma D\u00f6ng\u00fcleri<\/strong><\/td>\n<td data-immersive-translate-walked=\"53058544-8709-4e58-8655-fc593f38489a\" data-immersive-translate-paragraph=\"1\">100.000 d\u00f6ng\u00fc<\/td>\n<\/tr>\n<\/tbody>\n<\/table>\n<h3 data-start=\"1070\" data-end=\"1101\" data-immersive-translate-walked=\"53058544-8709-4e58-8655-fc593f38489a\"><\/h3>\n<h3 data-start=\"1070\" data-end=\"1101\" data-immersive-translate-walked=\"53058544-8709-4e58-8655-fc593f38489a\"><strong data-start=\"1074\" data-end=\"1101\" data-immersive-translate-walked=\"53058544-8709-4e58-8655-fc593f38489a\" data-immersive-translate-paragraph=\"1\">Key Features &amp; Benefits<\/strong><\/h3>\n<table data-start=\"1103\" data-end=\"3603\">\n<thead data-start=\"1103\" data-end=\"1353\">\n<tr data-start=\"1103\" data-end=\"1353\">\n<th style=\"text-align: left;\" data-start=\"1103\" data-end=\"1150\"><span style=\"color: #000080;\"><strong data-start=\"1105\" data-end=\"1116\">\u00d6zellik<\/strong><\/span><\/th>\n<th style=\"text-align: left;\" data-start=\"1150\" data-end=\"1254\"><span style=\"color: #000080;\"><strong data-start=\"1152\" data-end=\"1167\">Tan\u0131m<\/strong><\/span><\/th>\n<th style=\"text-align: left;\" data-start=\"1254\" data-end=\"1353\"><span style=\"color: #000080;\"><strong data-start=\"1256\" data-end=\"1267\">Benefit<\/strong><\/span><\/th>\n<\/tr>\n<\/thead>\n<tbody data-start=\"1604\" data-end=\"3603\">\n<tr data-start=\"1604\" data-end=\"1853\">\n<td data-immersive-translate-walked=\"53058544-8709-4e58-8655-fc593f38489a\"><strong data-start=\"1606\" data-end=\"1626\" data-immersive-translate-walked=\"53058544-8709-4e58-8655-fc593f38489a\" data-immersive-translate-paragraph=\"1\">Read Sensitivity<\/strong><\/td>\n<td data-immersive-translate-walked=\"53058544-8709-4e58-8655-fc593f38489a\" data-immersive-translate-paragraph=\"1\">-24 dBm<\/td>\n<td data-immersive-translate-walked=\"53058544-8709-4e58-8655-fc593f38489a\" data-immersive-translate-paragraph=\"1\">Optimizes tag detection range and performance in challenging environments.<\/td>\n<\/tr>\n<tr data-start=\"1854\" data-end=\"2103\">\n<td data-immersive-translate-walked=\"53058544-8709-4e58-8655-fc593f38489a\"><strong data-start=\"1856\" data-end=\"1877\" data-immersive-translate-walked=\"53058544-8709-4e58-8655-fc593f38489a\" data-immersive-translate-paragraph=\"1\">Write Sensitivity<\/strong><\/td>\n<td data-immersive-translate-walked=\"53058544-8709-4e58-8655-fc593f38489a\" data-immersive-translate-paragraph=\"1\">-22 dBm<\/td>\n<td data-immersive-translate-walked=\"53058544-8709-4e58-8655-fc593f38489a\" data-immersive-translate-paragraph=\"1\">Ensures reliable write operations, even at lower signal strength.<\/td>\n<\/tr>\n<tr data-start=\"2104\" data-end=\"2352\">\n<td data-immersive-translate-walked=\"53058544-8709-4e58-8655-fc593f38489a\"><strong data-start=\"2106\" data-end=\"2124\" data-immersive-translate-walked=\"53058544-8709-4e58-8655-fc593f38489a\" data-immersive-translate-paragraph=\"1\">Encoding Speed<\/strong><\/td>\n<td data-immersive-translate-walked=\"53058544-8709-4e58-8655-fc593f38489a\" data-immersive-translate-paragraph=\"1\">32 bits in 0.96 ms<\/td>\n<td data-immersive-translate-walked=\"53058544-8709-4e58-8655-fc593f38489a\" data-immersive-translate-paragraph=\"1\">Fast and efficient encoding, improving overall system throughput.<\/td>\n<\/tr>\n<tr data-start=\"2353\" data-end=\"2603\">\n<td data-immersive-translate-walked=\"53058544-8709-4e58-8655-fc593f38489a\"><strong data-start=\"2355\" data-end=\"2398\" data-immersive-translate-walked=\"53058544-8709-4e58-8655-fc593f38489a\" data-immersive-translate-paragraph=\"1\">Drop-in Antenna Replacement for UCODE 8<\/strong><\/td>\n<td data-immersive-translate-walked=\"53058544-8709-4e58-8655-fc593f38489a\" data-immersive-translate-paragraph=\"1\">Compatible with UCODE 8 antenna systems, providing easy integration.<\/td>\n<td data-immersive-translate-walked=\"53058544-8709-4e58-8655-fc593f38489a\" data-immersive-translate-paragraph=\"1\">Reduces installation time and complexity for users upgrading their RFID systems.<\/td>\n<\/tr>\n<tr data-start=\"2604\" data-end=\"2853\">\n<td data-immersive-translate-walked=\"53058544-8709-4e58-8655-fc593f38489a\"><strong data-start=\"2606\" data-end=\"2621\" data-immersive-translate-walked=\"53058544-8709-4e58-8655-fc593f38489a\" data-immersive-translate-paragraph=\"1\">Kendini ayarla<\/strong><\/td>\n<td data-immersive-translate-walked=\"53058544-8709-4e58-8655-fc593f38489a\" data-immersive-translate-paragraph=\"1\">Self-optimization feature for tag performance.<\/td>\n<td data-immersive-translate-walked=\"53058544-8709-4e58-8655-fc593f38489a\" data-immersive-translate-paragraph=\"1\">Enhances operational efficiency by adjusting to varying environmental factors.<\/td>\n<\/tr>\n<tr data-start=\"2854\" data-end=\"3104\">\n<td data-immersive-translate-walked=\"53058544-8709-4e58-8655-fc593f38489a\"><strong data-start=\"2856\" data-end=\"2891\" data-immersive-translate-walked=\"53058544-8709-4e58-8655-fc593f38489a\" data-immersive-translate-paragraph=\"1\">96-bit EPC&#039;nin \u00f6n serile\u015ftirilmesi<\/strong><\/td>\n<td data-immersive-translate-walked=\"53058544-8709-4e58-8655-fc593f38489a\" data-immersive-translate-paragraph=\"1\">The tag is pre-programmed with a 96-bit EPC memory.<\/td>\n<td data-immersive-translate-walked=\"53058544-8709-4e58-8655-fc593f38489a\" data-immersive-translate-paragraph=\"1\">Minimizes setup time and eliminates the need for additional programming.<\/td>\n<\/tr>\n<tr data-start=\"3105\" data-end=\"3353\">\n<td data-immersive-translate-walked=\"53058544-8709-4e58-8655-fc593f38489a\"><strong data-start=\"3107\" data-end=\"3127\" data-immersive-translate-walked=\"53058544-8709-4e58-8655-fc593f38489a\" data-immersive-translate-paragraph=\"1\">Haf\u0131za Korumas\u0131<\/strong><\/td>\n<td data-immersive-translate-walked=\"53058544-8709-4e58-8655-fc593f38489a\" data-immersive-translate-paragraph=\"1\">Factory-locked 96-bit TID and unique serial number for each tag.<\/td>\n<td data-immersive-translate-walked=\"53058544-8709-4e58-8655-fc593f38489a\" data-immersive-translate-paragraph=\"1\">Enhances security and prevents tampering or cloning of RFID tags.<\/td>\n<\/tr>\n<tr data-start=\"3354\" data-end=\"3603\">\n<td data-immersive-translate-walked=\"53058544-8709-4e58-8655-fc593f38489a\"><strong data-start=\"3356\" data-end=\"3373\" data-immersive-translate-walked=\"53058544-8709-4e58-8655-fc593f38489a\" data-immersive-translate-paragraph=\"1\">Kill Password<\/strong><\/td>\n<td data-immersive-translate-walked=\"53058544-8709-4e58-8655-fc593f38489a\" data-immersive-translate-paragraph=\"1\">32-bit kill password that disables the tag permanently.<\/td>\n<td data-immersive-translate-walked=\"53058544-8709-4e58-8655-fc593f38489a\" data-immersive-translate-paragraph=\"1\">Provides an added layer of security by allowing users to deactivate tags as needed.<\/td>\n<\/tr>\n<\/tbody>\n<\/table>\n<h2 data-line=\"44\"><\/h2>\n<h2 style=\"text-align: center;\" data-line=\"44\"><strong>\u00c7evresel Etki<\/strong><\/h2>\n<p data-line=\"44\">The materials used in the card are recyclable, making it an environmentally friendly option.<\/p>\n<h2 data-line=\"47\"><\/h2>\n<h2 style=\"text-align: center;\" data-line=\"47\"><strong>M\u00fc\u015fteri Yorumlar\u0131<\/strong><\/h2>\n<p data-line=\"47\">&#8220;Since we started using the NXP UCODE 9 RFID Card in our warehouse, our inventory management has become much more efficient. The cards are durable and reliable.&#8221; &#8211; A warehouse manager.<\/p>\n<h2 data-line=\"50\"><\/h2>\n<p>&nbsp;<\/p>\n<h2 style=\"text-align: center;\" data-line=\"50\"><strong>SSS<\/strong><\/h2>\n<ul data-line=\"51\">\n<li data-line=\"51\"><strong>Q: Can the card be used in extreme temperatures?<\/strong><br \/>\nA: Yes, it has a wide operating temperature range from -40 \u00b0C up to +85 \u00b0C.<\/li>\n<li data-line=\"53\"><strong>Q: How secure is the data on the card?<\/strong><br \/>\nA: The card has multiple security features such as a factory &#8211; locked TID and a kill password.<\/li>\n<li data-line=\"53\">\n<p data-start=\"193\" data-end=\"503\"><strong data-start=\"193\" data-end=\"249\">Q: How does this card improve warehouse management?<\/strong><br data-start=\"249\" data-end=\"252\" \/>A: The NXP UCODE 9 RFID Card streamlines inventory and supply chain management with high read\/write sensitivity, ensuring reliable performance even in challenging environments. It\u2019s perfect for asset tracking in warehouses and industrial applications.<\/p>\n<\/li>\n<li data-line=\"53\">\n<p data-start=\"193\" data-end=\"503\"><strong data-start=\"505\" data-end=\"558\">Q: Is the card compatible with existing systems?<\/strong><br data-start=\"558\" data-end=\"561\" \/>A: Yes, it supports EPC Gen2 v2.1 commands, including the kill command, and features a self-adjust function, making integration into current RFID systems seamless.<\/p>\n<\/li>\n<li data-line=\"53\">\n<p data-start=\"193\" data-end=\"503\"><strong data-start=\"726\" data-end=\"770\">Q: Can it withstand extreme conditions?<\/strong><br data-start=\"770\" data-end=\"773\" \/>A: The card operates in temperatures ranging from -40\u00b0C to +85\u00b0C, making it ideal for both indoor and outdoor applications in demanding environments like warehouses and logistics.<\/p>\n<p data-start=\"954\" data-end=\"1118\" data-is-last-node=\"\">With over 15 years of experience, our factory is ranked among the top 5 RFID card manufacturers, delivering durable, high-performance solutions for various sectors.<\/p>\n<\/li>\n<\/ul>\n<p>&nbsp;<\/p>\n<p>&nbsp;<\/p>\n<p data-line=\"56\"><strong><span style=\"color: #000080;\">In conclusion, the NXP UCODE 9 RFID Card is a high &#8211; quality, versatile, and cost &#8211; effective solution for warehouse optimization and many other applications.If you are interested in learning more or getting a free sample, please fill out the inquiry form.<\/span><\/strong><\/p>","protected":false},"excerpt":{"rendered":"<p>The Durable PET NXP UCODE 9 RFID Card offers great durability, fast encoding, good read\/write sensitivity, and security features, ideal for warehouse optimization.<\/p>","protected":false},"featured_media":5133,"template":"","meta":{"_kad_post_transparent":"default","_kad_post_title":"","_kad_post_layout":"default","_kad_post_sidebar_id":"","_kad_post_content_style":"default","_kad_post_vertical_padding":"default","_kad_post_feature":"","_kad_post_feature_position":"","_kad_post_header":false,"_kad_post_footer":false},"product_brand":[],"product_cat":[18,1021],"product_tag":[942,940,941],"class_list":{"0":"post-5132","1":"product","2":"type-product","3":"status-publish","4":"has-post-thumbnail","6":"product_cat-rfid-cards","7":"product_cat-uhf-rfid-card","8":"product_tag-nxp-ucode-9-rfid-card","9":"product_tag-nxp-ucode-9-rfid-card-for-warehouse-optimization","10":"product_tag-rfid-card-for-warehouse-optimization","12":"first","13":"instock","14":"shipping-taxable","15":"product-type-simple","16":"entry","17":"content-bg","18":"loop-entry"},"_links":{"self":[{"href":"https:\/\/nfccard.us\/tr\/wp-json\/wp\/v2\/product\/5132","targetHints":{"allow":["GET"]}}],"collection":[{"href":"https:\/\/nfccard.us\/tr\/wp-json\/wp\/v2\/product"}],"about":[{"href":"https:\/\/nfccard.us\/tr\/wp-json\/wp\/v2\/types\/product"}],"version-history":[{"count":3,"href":"https:\/\/nfccard.us\/tr\/wp-json\/wp\/v2\/product\/5132\/revisions"}],"predecessor-version":[{"id":5923,"href":"https:\/\/nfccard.us\/tr\/wp-json\/wp\/v2\/product\/5132\/revisions\/5923"}],"wp:featuredmedia":[{"embeddable":true,"href":"https:\/\/nfccard.us\/tr\/wp-json\/wp\/v2\/media\/5133"}],"wp:attachment":[{"href":"https:\/\/nfccard.us\/tr\/wp-json\/wp\/v2\/media?parent=5132"}],"wp:term":[{"taxonomy":"product_brand","embeddable":true,"href":"https:\/\/nfccard.us\/tr\/wp-json\/wp\/v2\/product_brand?post=5132"},{"taxonomy":"product_cat","embeddable":true,"href":"https:\/\/nfccard.us\/tr\/wp-json\/wp\/v2\/product_cat?post=5132"},{"taxonomy":"product_tag","embeddable":true,"href":"https:\/\/nfccard.us\/tr\/wp-json\/wp\/v2\/product_tag?post=5132"}],"curies":[{"name":"wp","href":"https:\/\/api.w.org\/{rel}","templated":true}]}}