{"id":8426,"date":"2025-05-28T08:38:50","date_gmt":"2025-05-28T08:38:50","guid":{"rendered":"https:\/\/nfccard.us\/?post_type=product&#038;p=8426"},"modified":"2025-05-28T08:38:50","modified_gmt":"2025-05-28T08:38:50","slug":"rfid-chips-mifare-1k-s50-cards","status":"publish","type":"product","link":"https:\/\/nfccard.us\/pt\/rfid-chips-mifare-1k-s50-cards\/","title":{"rendered":"RFID Chips Mifare 1k S50 Cards"},"content":{"rendered":"<h1 style=\"text-align: center;\">RFID Chips Mifare 1k S50 Cards<\/h1>\n<h2><em>Mifare 1k S50 Cards Overview\u00a0<\/em><\/h2>\n<ul>\n<li><strong>Chip and Standard:<\/strong>\u00a0Uses NXP MF1 IC S50 chip, compliant with ISO14443A standard.<\/li>\n<li><strong>Identifica\u00e7\u00e3o UID:<\/strong>\u00a0Supports 4 or 7-byte unique identifiers.<\/li>\n<li><strong>Storage Capacity:<\/strong>\u00a0Provides 1KB of data storage.<\/li>\n<li><strong>Quick Read\/Write:<\/strong>\u00a0Fast operation with a read\/write speed of 1-5ms.<\/li>\n<li><strong>Security:<\/strong>\u00a0Features secure and reliable key protection to safeguard data.<\/li>\n<li><strong>Wide Application:<\/strong>\u00a0Widely used in access control, attendance, meeting sign-in, electronic payment, buses and metro systems, member management, and more.<\/li>\n<li><strong>Various Forms:<\/strong>\u00a0Supports multiple formats including white cards, printed cards, sticker labels, keychains, thin cards, and thick cards to meet diverse application needs.<\/li>\n<li><strong>Durabilidade:<\/strong>\u00a0High durability with over 100,000 erase\/write cycles and data retention for more than 10 years.<\/li>\n<li><strong>Stable Operation:<\/strong>\u00a0Operates reliably within a temperature range of -20\u2103 to +55\u2103.<\/li>\n<li><strong>Preferred Choice:<\/strong>\u00a0An optimal smart card solution for various scenarios.<\/li>\n<\/ul>\n<p>&nbsp;<\/p>\n<p>&nbsp;<\/p>\n<h2><em>Product Parameters<\/em><\/h2>\n<div class=\"table-with-header rounded-lg border border-solid border-grey-line2-normal w-fit max-w-full mb-2\">\n<div class=\"overflow-x-auto custom-scrollbar custom-scrollbar-float max-w-full\">\n<table class=\"w-fit !mb-0 !max-w-none\">\n<thead>\n<tr>\n<th style=\"text-align: left;\"><strong>Parameter item<\/strong><\/th>\n<th style=\"text-align: left;\"><strong>Especifica\u00e7\u00e3o<\/strong><\/th>\n<\/tr>\n<\/thead>\n<tbody>\n<tr>\n<td>Tipo de chip<\/td>\n<td>NXP Mifare 1 IC S50<\/td>\n<\/tr>\n<tr>\n<td>Storage capacity<\/td>\n<td>1K Bytes<\/td>\n<\/tr>\n<tr>\n<td>Operating frequency<\/td>\n<td>13,56 MHz<\/td>\n<\/tr>\n<tr>\n<td>UID length<\/td>\n<td>4 or 7 bytes<\/td>\n<\/tr>\n<tr>\n<td>Communication rate<\/td>\n<td>106 Kbps<\/td>\n<\/tr>\n<tr>\n<td>Read and write distance<\/td>\n<td>0 ~ 100 mm<\/td>\n<\/tr>\n<tr>\n<td>Read and write time<\/td>\n<td>1 ~ 5 ms<\/td>\n<\/tr>\n<tr>\n<td>Temperatura de opera\u00e7\u00e3o<\/td>\n<td>-20\u2103 ~ +55\u2103<\/td>\n<\/tr>\n<tr>\n<td>Erase and write life<\/td>\n<td>&gt;100,000 times<\/td>\n<\/tr>\n<tr>\n<td>Data retention<\/td>\n<td>&gt;10 years<\/td>\n<\/tr>\n<tr>\n<td>Dimens\u00f5es<\/td>\n<td>ISO standard card 85.6 x 54 x 0.82 mm<\/td>\n<\/tr>\n<tr>\n<td>Packaging material<\/td>\n<td>PVC, PET, PETG, 0.13mm copper wire<\/td>\n<\/tr>\n<tr>\n<td>Implementation standard<\/td>\n<td>Norma ISO 14443A<\/td>\n<\/tr>\n<tr>\n<td>Available sizes<\/td>\n<td>Various sizes (85.6\u00d754, 83\u00d720, 70\u00d740, etc.)<\/td>\n<\/tr>\n<\/tbody>\n<\/table>\n<\/div>\n<\/div>\n<p>&nbsp;<\/p>\n<h3>More details you may want to know<\/h3>\n<div class=\"table-with-header rounded-lg border border-solid border-grey-line2-normal w-fit max-w-full mb-2\">\n<div class=\"overflow-x-auto custom-scrollbar custom-scrollbar-float max-w-full\">\n<table class=\"w-fit !mb-0 !max-w-none\">\n<thead>\n<tr>\n<th style=\"text-align: left;\"><strong>Categoria<\/strong><\/th>\n<th style=\"text-align: left;\"><strong>Detalhes<\/strong><\/th>\n<\/tr>\n<\/thead>\n<tbody>\n<tr>\n<td><strong>Arte<\/strong><\/td>\n<td>Glossy \/ Matt \/ Frosted \/ Others artwork<\/td>\n<\/tr>\n<tr>\n<td><strong>Design\/Artwork<\/strong><\/td>\n<td>a. Glitter gold\/silver background<\/p>\n<p>b. Loco 300oe\/600oe magstripe, Hico 2750oe\/4000oe magstripe<\/p>\n<p>c. Signature Panel<\/p>\n<p>d. UV spot logo&lt;br&gt;e. Thermal\/DOD\/Inkjet printing serial\/UID numbers<\/p>\n<p>f. Thermal\/DOD\/Inkjet printing EAN13\/128\/39 barcode<\/p>\n<p>g. Laser engraving serial\/UID number (brown\/grey)<\/p>\n<p>h. Embossing serial number (gold\/silver)<\/p>\n<p>i. Signature Panel<\/p>\n<p>j. Encoding and Encryption<\/td>\n<\/tr>\n<tr>\n<td><strong>Material da antena<\/strong><\/td>\n<td>Copper wire<\/td>\n<\/tr>\n<tr>\n<td><strong>Amostra<\/strong><\/td>\n<td>Available<\/td>\n<\/tr>\n<tr>\n<td><strong>Tempo de espera<\/strong><\/td>\n<td>5-7 Work days<\/td>\n<\/tr>\n<tr>\n<td><strong>Aplicativo<\/strong><\/td>\n<td>Access Control, Time attendance, Hotel key card, transportation,<\/p>\n<p>Library and Campus, Parking lot system, Consuming system, Identity,<\/p>\n<p>Access Control, Inventory and Logistics Supply Management,<\/p>\n<p>Item Identification, Traceability, Transportation, etc.<\/td>\n<\/tr>\n<tr>\n<td><strong>Certifica\u00e7\u00e3o<\/strong><\/td>\n<td>SGS \/ ROHS \/ CE \/ ISO \/ CE RED<\/td>\n<\/tr>\n<\/tbody>\n<\/table>\n<\/div>\n<\/div>\n<p>&nbsp;<\/p>\n<p><strong>Contact us now to explore the various smart uses of <a href=\"https:\/\/nfccard.us\/pt\/mifare-cards\/\">Mifare 1k S50 Cards<\/a>, free samples and great deals are waiting for you to unlock!<\/strong><\/p>","protected":false},"excerpt":{"rendered":"<p>RFID Chips Mifare 1k S50 Cards are contactless, ISO14443A-compliant, with 1K storage, fast 1-5ms read\/write, durable, ideal for access control &amp; payments.<\/p>","protected":false},"featured_media":8427,"template":"","meta":{"_kad_post_transparent":"default","_kad_post_title":"","_kad_post_layout":"default","_kad_post_sidebar_id":"","_kad_post_content_style":"default","_kad_post_vertical_padding":"default","_kad_post_feature":"","_kad_post_feature_position":"","_kad_post_header":false,"_kad_post_footer":false},"product_brand":[],"product_cat":[16],"product_tag":[1368,1369,537,1367],"class_list":{"0":"post-8426","1":"product","2":"type-product","3":"status-publish","4":"has-post-thumbnail","6":"product_cat-mifare-cards","7":"product_tag-mifare-1k-s50-cards","8":"product_tag-mifare-s50-rfid-cards","9":"product_tag-nfc-cards","10":"product_tag-rfid-chips-mifare-1k-s50-cards","12":"first","13":"instock","14":"shipping-taxable","15":"product-type-simple","16":"entry","17":"content-bg","18":"loop-entry"},"_links":{"self":[{"href":"https:\/\/nfccard.us\/pt\/wp-json\/wp\/v2\/product\/8426","targetHints":{"allow":["GET"]}}],"collection":[{"href":"https:\/\/nfccard.us\/pt\/wp-json\/wp\/v2\/product"}],"about":[{"href":"https:\/\/nfccard.us\/pt\/wp-json\/wp\/v2\/types\/product"}],"version-history":[{"count":2,"href":"https:\/\/nfccard.us\/pt\/wp-json\/wp\/v2\/product\/8426\/revisions"}],"predecessor-version":[{"id":8434,"href":"https:\/\/nfccard.us\/pt\/wp-json\/wp\/v2\/product\/8426\/revisions\/8434"}],"wp:featuredmedia":[{"embeddable":true,"href":"https:\/\/nfccard.us\/pt\/wp-json\/wp\/v2\/media\/8427"}],"wp:attachment":[{"href":"https:\/\/nfccard.us\/pt\/wp-json\/wp\/v2\/media?parent=8426"}],"wp:term":[{"taxonomy":"product_brand","embeddable":true,"href":"https:\/\/nfccard.us\/pt\/wp-json\/wp\/v2\/product_brand?post=8426"},{"taxonomy":"product_cat","embeddable":true,"href":"https:\/\/nfccard.us\/pt\/wp-json\/wp\/v2\/product_cat?post=8426"},{"taxonomy":"product_tag","embeddable":true,"href":"https:\/\/nfccard.us\/pt\/wp-json\/wp\/v2\/product_tag?post=8426"}],"curies":[{"name":"wp","href":"https:\/\/api.w.org\/{rel}","templated":true}]}}