{"id":8540,"date":"2025-06-20T03:17:17","date_gmt":"2025-06-20T03:17:17","guid":{"rendered":"https:\/\/nfccard.us\/?post_type=product&#038;p=8540"},"modified":"2025-06-20T03:21:04","modified_gmt":"2025-06-20T03:21:04","slug":"13-56mhz-white-icode-slix-nfc-cards","status":"publish","type":"product","link":"https:\/\/nfccard.us\/pl\/13-56mhz-white-icode-slix-nfc-cards\/","title":{"rendered":"13.56Mhz White ICODE SLIX NFC Cards"},"content":{"rendered":"<h1 style=\"text-align: center;\" data-start=\"56\" data-end=\"94\">13.56Mhz White ICODE SLIX NFC Cards<\/h1>\n<p data-start=\"96\" data-end=\"433\">The white ICODE SLIX NFC smart card uses a 13.56MHz frequency and complies with the ISO15693 standard. It has the advantages of long-distance reading, anti-collision processing, encryption authentication, etc. It is widely used in library management, access control identification, membership systems, hotel management, and other fields.<\/p>\n<p data-start=\"435\" data-end=\"800\">We support a variety of materials (PVC, PET, ABS, etc.) and non-standard customization, and provide a variety of process options (glossy, matte, hot stamping, laser, barcode, etc.) to meet the personalized needs of brands. It uses internationally advanced card-making equipment, with bright printing, waterproof and wear-resistant properties, and long storage time.<\/p>\n<p data-start=\"435\" data-end=\"800\">\n<h2 data-start=\"932\" data-end=\"953\">Product Parameters<\/h2>\n<div class=\"_tableContainer_16hzy_1\">\n<div class=\"_tableWrapper_16hzy_14 group flex w-fit flex-col-reverse\" tabindex=\"-1\">\n<table class=\"w-fit min-w-(--thread-content-width)\" data-start=\"955\" data-end=\"2005\">\n<thead data-start=\"955\" data-end=\"1033\">\n<tr data-start=\"955\" data-end=\"1033\">\n<th style=\"text-align: left;\" data-start=\"955\" data-end=\"982\" data-col-size=\"sm\"><strong data-start=\"957\" data-end=\"970\">Parameter<\/strong><\/th>\n<th style=\"text-align: left;\" data-start=\"982\" data-end=\"1033\" data-col-size=\"md\"><strong data-start=\"984\" data-end=\"999\">Opis<\/strong><\/th>\n<\/tr>\n<\/thead>\n<tbody data-start=\"1114\" data-end=\"2005\">\n<tr data-start=\"1114\" data-end=\"1193\">\n<td data-start=\"1114\" data-end=\"1141\" data-col-size=\"sm\"><strong data-start=\"1116\" data-end=\"1129\">Typ uk\u0142adu scalonego<\/strong><\/td>\n<td data-col-size=\"md\" data-start=\"1141\" data-end=\"1193\">ICODE SLIX<\/td>\n<\/tr>\n<tr data-start=\"1194\" data-end=\"1273\">\n<td data-start=\"1194\" data-end=\"1223\" data-col-size=\"sm\"><strong data-start=\"1196\" data-end=\"1222\">Communication protocol<\/strong><\/td>\n<td data-col-size=\"md\" data-start=\"1223\" data-end=\"1273\">ISO\/IEC 15693 \/ ISO18000-3<\/td>\n<\/tr>\n<tr data-start=\"1274\" data-end=\"1353\">\n<td data-start=\"1274\" data-end=\"1301\" data-col-size=\"sm\"><strong data-start=\"1276\" data-end=\"1289\">Cz\u0119stotliwo\u015b\u0107<\/strong><\/td>\n<td data-col-size=\"md\" data-start=\"1301\" data-end=\"1353\">13,56MHz<\/td>\n<\/tr>\n<tr data-start=\"1354\" data-end=\"1432\">\n<td data-start=\"1354\" data-end=\"1381\" data-col-size=\"sm\"><strong data-start=\"1356\" data-end=\"1376\">Storage capacity<\/strong><\/td>\n<td data-col-size=\"md\" data-start=\"1381\" data-end=\"1432\">1024bit (32 blocks, 4 bytes per block)<\/td>\n<\/tr>\n<tr data-start=\"1433\" data-end=\"1524\">\n<td data-start=\"1433\" data-end=\"1462\" data-col-size=\"sm\"><strong data-start=\"1435\" data-end=\"1461\">Communication distance<\/strong><\/td>\n<td data-col-size=\"md\" data-start=\"1462\" data-end=\"1524\">Up to 1.5 meters (depending on the reader and environment)<\/td>\n<\/tr>\n<tr data-start=\"1525\" data-end=\"1604\">\n<td data-start=\"1525\" data-end=\"1552\" data-col-size=\"sm\"><strong data-start=\"1527\" data-end=\"1545\">Data retention<\/strong><\/td>\n<td data-col-size=\"md\" data-start=\"1552\" data-end=\"1604\">50 lat<\/td>\n<\/tr>\n<tr data-start=\"1605\" data-end=\"1684\">\n<td data-start=\"1605\" data-end=\"1632\" data-col-size=\"sm\"><strong data-start=\"1607\" data-end=\"1622\">Write times<\/strong><\/td>\n<td data-col-size=\"md\" data-start=\"1632\" data-end=\"1684\">\u2265100 000 razy<\/td>\n<\/tr>\n<tr data-start=\"1685\" data-end=\"1764\">\n<td data-start=\"1685\" data-end=\"1714\" data-col-size=\"sm\"><strong data-start=\"1687\" data-end=\"1713\">Data transmission rate<\/strong><\/td>\n<td data-col-size=\"md\" data-start=\"1714\" data-end=\"1764\">Up to 53kbit\/s<\/td>\n<\/tr>\n<tr data-start=\"1765\" data-end=\"1843\">\n<td data-start=\"1765\" data-end=\"1792\" data-col-size=\"sm\"><strong data-start=\"1767\" data-end=\"1787\">Material options<\/strong><\/td>\n<td data-col-size=\"md\" data-start=\"1792\" data-end=\"1843\">PVC \/ PET \/ ABS \/ Metal \/ Paper card<\/td>\n<\/tr>\n<tr data-start=\"1844\" data-end=\"1922\">\n<td data-start=\"1844\" data-end=\"1871\" data-col-size=\"sm\"><strong data-start=\"1846\" data-end=\"1854\">Rozmiar<\/strong><\/td>\n<td data-col-size=\"md\" data-start=\"1871\" data-end=\"1922\">Standard CR80 (85.5*54mm) or customized<\/td>\n<\/tr>\n<tr data-start=\"1923\" data-end=\"2005\">\n<td data-start=\"1923\" data-end=\"1950\" data-col-size=\"sm\"><strong data-start=\"1925\" data-end=\"1947\">Optional processes<\/strong><\/td>\n<td data-col-size=\"md\" data-start=\"1950\" data-end=\"2005\">Glossy, matte, hot stamping, barcode, UV code, etc.<\/td>\n<\/tr>\n<\/tbody>\n<\/table>\n<div><\/div>\n<div class=\"sticky end-(--thread-content-margin) h-0 self-end select-none\">\n<div class=\"absolute end-0 flex items-end\"><\/div>\n<\/div>\n<\/div>\n<\/div>\n<p data-start=\"2012\" data-end=\"2198\">Supports customization of multiple 13.56MHz chip models, such as NTAG\u00ae 213\/215\/216, MIFARE\u00ae Classic 1K\/4K, MIFARE Ultralight\u00ae, etc., to meet the needs of different application scenarios.<\/p>\n<p data-start=\"2012\" data-end=\"2198\">If you are looking for high-performance and highly compatible<a href=\"https:\/\/nfccard.us\/pl\/nfc-cards\/\"> ICODE SLIX NFC Cards<\/a>, this product will be your ideal choice.<\/p>\n<h4 data-start=\"2200\" data-end=\"2276\"><strong data-start=\"2200\" data-end=\"2276\">Contact us now for high-quality ICODE SLIX NFC Cards proofing and quote!<\/strong><\/h4>","protected":false},"excerpt":{"rendered":"<p>13.56Mhz White ICODE SLIX NFC Cards with long-range reading, ISO15693 compliance, customizable materials and processes, ideal for access and library systems.<\/p>","protected":false},"featured_media":8549,"template":"","meta":{"_kad_post_transparent":"default","_kad_post_title":"","_kad_post_layout":"default","_kad_post_sidebar_id":"","_kad_post_content_style":"default","_kad_post_vertical_padding":"default","_kad_post_feature":"","_kad_post_feature_position":"","_kad_post_header":false,"_kad_post_footer":false},"product_brand":[],"product_cat":[20],"product_tag":[1390,1392,1391],"class_list":{"0":"post-8540","1":"product","2":"type-product","3":"status-publish","4":"has-post-thumbnail","6":"product_cat-nfc-cards","7":"product_tag-13-56mhz-white-icode-slix-nfc-cards","8":"product_tag-icode-slix-rfid-cards","9":"product_tag-white-icode-slix-nfc-cards","11":"first","12":"instock","13":"shipping-taxable","14":"product-type-simple","15":"entry","16":"content-bg","17":"loop-entry"},"_links":{"self":[{"href":"https:\/\/nfccard.us\/pl\/wp-json\/wp\/v2\/product\/8540","targetHints":{"allow":["GET"]}}],"collection":[{"href":"https:\/\/nfccard.us\/pl\/wp-json\/wp\/v2\/product"}],"about":[{"href":"https:\/\/nfccard.us\/pl\/wp-json\/wp\/v2\/types\/product"}],"version-history":[{"count":3,"href":"https:\/\/nfccard.us\/pl\/wp-json\/wp\/v2\/product\/8540\/revisions"}],"predecessor-version":[{"id":8553,"href":"https:\/\/nfccard.us\/pl\/wp-json\/wp\/v2\/product\/8540\/revisions\/8553"}],"wp:featuredmedia":[{"embeddable":true,"href":"https:\/\/nfccard.us\/pl\/wp-json\/wp\/v2\/media\/8549"}],"wp:attachment":[{"href":"https:\/\/nfccard.us\/pl\/wp-json\/wp\/v2\/media?parent=8540"}],"wp:term":[{"taxonomy":"product_brand","embeddable":true,"href":"https:\/\/nfccard.us\/pl\/wp-json\/wp\/v2\/product_brand?post=8540"},{"taxonomy":"product_cat","embeddable":true,"href":"https:\/\/nfccard.us\/pl\/wp-json\/wp\/v2\/product_cat?post=8540"},{"taxonomy":"product_tag","embeddable":true,"href":"https:\/\/nfccard.us\/pl\/wp-json\/wp\/v2\/product_tag?post=8540"}],"curies":[{"name":"wp","href":"https:\/\/api.w.org\/{rel}","templated":true}]}}