{"id":5977,"date":"2025-02-21T16:29:57","date_gmt":"2025-02-21T16:29:57","guid":{"rendered":"https:\/\/nfccard.us\/?post_type=product&#038;p=5977"},"modified":"2025-02-22T10:16:14","modified_gmt":"2025-02-22T10:16:14","slug":"anti-metal-tk4100-rfid-patrol-tags","status":"publish","type":"product","link":"https:\/\/nfccard.us\/pl\/anti-metal-tk4100-rfid-patrol-tags\/","title":{"rendered":"Anti Metal TK4100 RFID Patrol Tags"},"content":{"rendered":"<h1 style=\"text-align: center;\"><span style=\"color: #000080;\">Anti Metal TK4100 RFID Patrol Tags<\/span><\/h1>\n<p>Ten <strong data-start=\"4\" data-end=\"42\">Anti Metal TK4100 <a href=\"https:\/\/nfccard.us\/pl\/rfid-patrol-tags\/\">RFID Patrol Tags<\/a><\/strong> are engineered for use in harsh industrial environments, offering reliable tracking and management of assets, equipment, and personnel. Made from durable ABS material, these mini tags are waterproof, weatherproof, and resistant to high temperatures, ensuring long-lasting performance in tough conditions. Featuring a compact 25mm size and customizable options, these tags can store crucial data such as product specifications, batch numbers, and maintenance records. With ISO14443A and NFC Forum Type 2 compatibility, they support efficient asset management and secure access control. Perfect for applications such as logistics tracking, industrial automation, and security patrols, the Anti Metal TK4100 tags can be easily mounted using adhesive, screws, or rivets. Whether you&#8217;re optimizing your production line or enhancing security, these tags provide reliable, cost-effective solutions that improve operational efficiency.<\/p>\n<p>&nbsp;<\/p>\n<p>&nbsp;<\/p>\n<h2 style=\"text-align: left;\" data-start=\"0\" data-end=\"108\"><span style=\"color: #000080;\">Product Specification Table<\/span><\/h2>\n<table data-start=\"110\" data-end=\"2673\">\n<thead data-start=\"110\" data-end=\"235\">\n<tr data-start=\"110\" data-end=\"235\">\n<th style=\"text-align: left;\" data-start=\"110\" data-end=\"143\"><span style=\"color: #000080;\"><strong data-start=\"112\" data-end=\"128\">Nazwa produktu<\/strong><\/span><\/th>\n<th style=\"text-align: left;\" data-start=\"143\" data-end=\"235\"><span style=\"color: #000080;\">Anti Metal TK4100 RFID Patrol Tags<\/span><\/th>\n<\/tr>\n<\/thead>\n<tbody data-start=\"363\" data-end=\"2673\">\n<tr data-start=\"363\" data-end=\"488\">\n<td><strong data-start=\"365\" data-end=\"385\">Cechy specjalne<\/strong><\/td>\n<td>Waterproof, Weatherproof, Mini Tag<\/td>\n<\/tr>\n<tr data-start=\"489\" data-end=\"615\">\n<td><strong data-start=\"491\" data-end=\"503\">Tworzywo<\/strong><\/td>\n<td>ABS<\/td>\n<\/tr>\n<tr data-start=\"616\" data-end=\"742\">\n<td><strong data-start=\"618\" data-end=\"626\">Rozmiar<\/strong><\/td>\n<td>25mm diameter (customizable thickness: 0.76mm\/0.84mm\/Customized)<\/td>\n<\/tr>\n<tr data-start=\"743\" data-end=\"869\">\n<td><strong data-start=\"745\" data-end=\"754\">Kolor<\/strong><\/td>\n<td>Black, White, Yellow, Red, or Custom Colors<\/td>\n<\/tr>\n<tr data-start=\"870\" data-end=\"996\">\n<td><strong data-start=\"872\" data-end=\"885\">Typ uk\u0142adu scalonego<\/strong><\/td>\n<td>TK4100<\/td>\n<\/tr>\n<tr data-start=\"997\" data-end=\"1123\">\n<td><strong data-start=\"999\" data-end=\"1012\">Cz\u0119stotliwo\u015b\u0107<\/strong><\/td>\n<td>125KHz<\/td>\n<\/tr>\n<tr data-start=\"1124\" data-end=\"1250\">\n<td><strong data-start=\"1126\" data-end=\"1138\">Protok\u00f3\u0142<\/strong><\/td>\n<td>ISO14443A, NFC Forum Type 2<\/td>\n<\/tr>\n<tr data-start=\"1251\" data-end=\"1378\">\n<td><strong data-start=\"1253\" data-end=\"1278\">Temperatura pracy<\/strong><\/td>\n<td>-20\u00b0C to +85\u00b0C<\/td>\n<\/tr>\n<tr data-start=\"1379\" data-end=\"1505\">\n<td><strong data-start=\"1381\" data-end=\"1402\">Stopie\u0144 wodoodporno\u015bci<\/strong><\/td>\n<td>IP67<\/td>\n<\/tr>\n<tr data-start=\"1506\" data-end=\"1632\">\n<td><strong data-start=\"1508\" data-end=\"1525\">Functionality<\/strong><\/td>\n<td>Can be read and written<\/td>\n<\/tr>\n<tr data-start=\"1633\" data-end=\"1778\">\n<td><strong data-start=\"1635\" data-end=\"1651\">Aplikacje<\/strong><\/td>\n<td>Electronic Attendance, Logistics Tracking, Biometric Identification, Location Patrol, Industrial Automation<\/td>\n<\/tr>\n<tr data-start=\"1779\" data-end=\"1905\">\n<td><strong data-start=\"1781\" data-end=\"1793\">UID Type<\/strong><\/td>\n<td>40-bit<\/td>\n<\/tr>\n<tr data-start=\"1906\" data-end=\"2032\">\n<td><strong data-start=\"1908\" data-end=\"1928\">Mounting Options<\/strong><\/td>\n<td>Adhesive, Screw, or Rivets<\/td>\n<\/tr>\n<tr data-start=\"2033\" data-end=\"2165\">\n<td><strong data-start=\"2035\" data-end=\"2067\">Specyfikacje \u015brodowiskowe<\/strong><\/td>\n<td>Operating Limits: -40\u00b0C to +70\u00b0C, 20% to 90% RH; Storage Limits: -25\u00b0C to +90\u00b0C, 20% to 90% RH<\/td>\n<\/tr>\n<tr data-start=\"2166\" data-end=\"2291\">\n<td><strong data-start=\"2168\" data-end=\"2177\">Rzemios\u0142o<\/strong><\/td>\n<td>Laser Engraved Serial Numbers, Barcode, etc.<\/td>\n<\/tr>\n<tr data-start=\"2292\" data-end=\"2418\">\n<td><strong data-start=\"2294\" data-end=\"2317\">Dost\u0119pno\u015b\u0107 pr\u00f3bek<\/strong><\/td>\n<td>Tak<\/td>\n<\/tr>\n<tr data-start=\"2419\" data-end=\"2546\">\n<td><strong data-start=\"2421\" data-end=\"2443\">Package Dimensions<\/strong><\/td>\n<td>5x15x10 cm<\/td>\n<\/tr>\n<tr data-start=\"2547\" data-end=\"2673\">\n<td><strong data-start=\"2549\" data-end=\"2576\">Gross Weight (per unit)<\/strong><\/td>\n<td>0.010 kg<\/td>\n<\/tr>\n<\/tbody>\n<\/table>\n<p>&nbsp;<\/p>\n<p>&nbsp;<\/p>\n<h2 style=\"text-align: center;\"><span style=\"color: #000080;\">Customer Review<\/span><\/h2>\n<p>&#8220;These RFID tags have transformed our security operations. They&#8217;re durable, easy to integrate, and handle tough environments effortlessly. A reliable and essential solution for our asset tracking!&#8221;<strong data-start=\"469\" data-end=\"503\" data-is-last-node=\"\">\u2013 James P., Operations Manager<\/strong><\/p>\n<p>&nbsp;<\/p>\n<p>&nbsp;<\/p>\n<h2 style=\"text-align: center;\"><span style=\"color: #000080;\">FAQ<\/span><\/h2>\n<h3 data-start=\"144\" data-end=\"235\"><strong data-start=\"148\" data-end=\"235\">1. What makes Anti Metal TK4100 <a href=\"https:\/\/nfccard.us\/pl\/rfid-patrol-tags\/\">RFID Patrol Tags<\/a> ideal for industrial environments?<\/strong><\/h3>\n<p data-start=\"237\" data-end=\"650\">Ten <strong data-start=\"241\" data-end=\"279\">Anti Metal TK4100 RFID Patrol Tags<\/strong> are designed to withstand harsh environments. Their durable ABS construction, combined with waterproof and weatherproof features, ensures reliability in industries like logistics, security, and manufacturing. These tags are resistant to high temperatures, chemicals, and physical wear, making them suitable for asset management, security patrols, and equipment tracking.<\/p>\n<h3 data-start=\"657\" data-end=\"721\"><\/h3>\n<h3 data-start=\"657\" data-end=\"721\"><strong data-start=\"661\" data-end=\"721\">2. How do these RFID tags enhance security and tracking?<\/strong><\/h3>\n<p data-start=\"723\" data-end=\"1108\">These tags provide a secure and efficient way to track personnel, assets, and inventory. With compatibility for <strong data-start=\"835\" data-end=\"848\">ISO14443A<\/strong> I <strong data-start=\"853\" data-end=\"873\">NFC Forum Type 2<\/strong> protocols, they offer precise, real-time tracking within a range of 1-200mm, improving operational visibility and security. The <strong data-start=\"1002\" data-end=\"1017\">TK4100 chip<\/strong> ensures reliable data storage for asset IDs, maintenance logs, and product specifications.<\/p>\n<h3 data-start=\"1115\" data-end=\"1173\"><\/h3>\n<h3 data-start=\"1115\" data-end=\"1173\"><strong data-start=\"1119\" data-end=\"1173\">3. Why should I choose your RFID tags over others?<\/strong><\/h3>\n<p data-start=\"1175\" data-end=\"1497\">As a <strong data-start=\"1180\" data-end=\"1207\">Top 5 RFID manufacturer<\/strong> with over 15 years of experience, we provide high-performance, durable tags tailored for large-scale industrial applications. Our factory ensures quality control, cost-efficiency, and timely delivery, making our RFID solutions ideal for industries like logistics, automotive, and security.<\/p>\n<h3 data-start=\"1504\" data-end=\"1569\"><\/h3>\n<h3 data-start=\"1504\" data-end=\"1569\"><strong data-start=\"1508\" data-end=\"1569\">4. Can these tags be customized to fit my specific needs?<\/strong><\/h3>\n<p data-start=\"1571\" data-end=\"1831\">Yes! The <strong data-start=\"1580\" data-end=\"1618\">Anti Metal TK4100 RFID Patrol Tags<\/strong> are customizable in size, color, and chip configuration to meet specific operational requirements. We offer flexible options to accommodate your unique business needs, from logistics tracking to asset management.<\/p>\n<h3 data-start=\"1838\" data-end=\"1903\"><\/h3>\n<h3 data-start=\"1838\" data-end=\"1903\"><strong data-start=\"1842\" data-end=\"1903\">5. What applications are these <a href=\"https:\/\/nfccard.us\/pl\/rfid-patrol-tags\/\">Tagi RFID<\/a> best suited for?<\/strong><\/h3>\n<p data-start=\"1905\" data-end=\"2196\">These RFID tags are perfect for <strong data-start=\"1937\" data-end=\"1982\">logistics tracking, industrial automation<\/strong>, <strong data-start=\"1984\" data-end=\"2004\">security patrols<\/strong>, I <strong data-start=\"2010\" data-end=\"2036\">systemy kontroli dost\u0119pu<\/strong>. They&#8217;re also widely used in environments like <strong data-start=\"2084\" data-end=\"2102\">laundry chains<\/strong>, <strong data-start=\"2104\" data-end=\"2127\">chemical industries<\/strong>, <strong data-start=\"2129\" data-end=\"2154\">membership management<\/strong>, and for <strong data-start=\"2164\" data-end=\"2195\">shipping container tracking<\/strong>.<\/p>\n<p data-start=\"1905\" data-end=\"2196\">\n<p data-start=\"1905\" data-end=\"2196\">\n<h5 style=\"text-align: center;\" data-start=\"1905\" data-end=\"2196\"><span style=\"color: #000080;\">Upgrade your operations with the durable, efficient, and customizable <strong data-start=\"92\" data-end=\"130\">Anti Metal TK4100 <a href=\"https:\/\/nfccard.us\/pl\/rfid-patrol-tags\/\">RFID Patrol Tags<\/a><\/strong> \u2014 the perfect solution for enhanced security and seamless tracking. Order now and experience the difference!<\/span><\/h5>","protected":false},"excerpt":{"rendered":"<p>Durable and waterproof Anti Metal TK4100 RFID Patrol Tags for efficient security tracking, asset management, and enhanced operational control.<\/p>","protected":false},"featured_media":6000,"template":"","meta":{"_kad_post_transparent":"default","_kad_post_title":"","_kad_post_layout":"default","_kad_post_sidebar_id":"","_kad_post_content_style":"default","_kad_post_vertical_padding":"default","_kad_post_feature":"","_kad_post_feature_position":"","_kad_post_header":false,"_kad_post_footer":false},"product_brand":[],"product_cat":[845],"product_tag":[1105,1099],"class_list":{"0":"post-5977","1":"product","2":"type-product","3":"status-publish","4":"has-post-thumbnail","6":"product_cat-rfid-patrol-tags","7":"product_tag-anti-metal-tk4100-rfid-patrol-tags","8":"product_tag-rfid-patrol-tags","10":"first","11":"instock","12":"shipping-taxable","13":"product-type-simple","14":"entry","15":"content-bg","16":"loop-entry"},"_links":{"self":[{"href":"https:\/\/nfccard.us\/pl\/wp-json\/wp\/v2\/product\/5977","targetHints":{"allow":["GET"]}}],"collection":[{"href":"https:\/\/nfccard.us\/pl\/wp-json\/wp\/v2\/product"}],"about":[{"href":"https:\/\/nfccard.us\/pl\/wp-json\/wp\/v2\/types\/product"}],"version-history":[{"count":3,"href":"https:\/\/nfccard.us\/pl\/wp-json\/wp\/v2\/product\/5977\/revisions"}],"predecessor-version":[{"id":6011,"href":"https:\/\/nfccard.us\/pl\/wp-json\/wp\/v2\/product\/5977\/revisions\/6011"}],"wp:featuredmedia":[{"embeddable":true,"href":"https:\/\/nfccard.us\/pl\/wp-json\/wp\/v2\/media\/6000"}],"wp:attachment":[{"href":"https:\/\/nfccard.us\/pl\/wp-json\/wp\/v2\/media?parent=5977"}],"wp:term":[{"taxonomy":"product_brand","embeddable":true,"href":"https:\/\/nfccard.us\/pl\/wp-json\/wp\/v2\/product_brand?post=5977"},{"taxonomy":"product_cat","embeddable":true,"href":"https:\/\/nfccard.us\/pl\/wp-json\/wp\/v2\/product_cat?post=5977"},{"taxonomy":"product_tag","embeddable":true,"href":"https:\/\/nfccard.us\/pl\/wp-json\/wp\/v2\/product_tag?post=5977"}],"curies":[{"name":"wp","href":"https:\/\/api.w.org\/{rel}","templated":true}]}}